{"id":43,"date":"2017-04-24T14:29:46","date_gmt":"2017-04-24T13:29:46","guid":{"rendered":"https:\/\/latrancheemilitaire.com\/blog\/?page_id=43"},"modified":"2019-04-30T13:50:20","modified_gmt":"2019-04-30T12:50:20","slug":"lacage-des-rangers","status":"publish","type":"page","link":"https:\/\/www.latrancheemilitaire.com\/blog\/dossiers\/lacage-des-rangers\/","title":{"rendered":"La\u00e7age des rangers"},"content":{"rendered":"<div data-animation=\"tada\" data-icons-animation=\"rubberBand\" data-overlay=\"\" data-change-size=\"\" data-button-size=\"0.7\" style=\"font-size:0.7em!important;display:none;\" class=\"supsystic-social-sharing supsystic-social-sharing-package-flat supsystic-social-sharing-content supsystic-social-sharing-content-align-left\" data-text=\"\"><a data-networks=\"[]\" class=\"social-sharing-button sharer-flat sharer-flat-1 counter-standard grad without-counter tooltip-icon print\" target=\"_blank\" title=\"Imprimez !\" href=\"#\" data-main-href=\"#\" data-nid=\"14\" data-name=\"\" data-pid=\"1\" data-post-id=\"43\" data-url=\"https:\/\/www.latrancheemilitaire.com\/blog\/wp-admin\/admin-ajax.php\" data-description=\"La\u00e7age des rangers\" rel=\"nofollow\" data-mailto=\"\"><i class=\"fa-ssbs fa-ssbs-fw fa-ssbs-print\"><\/i><div class=\"counter-wrap standard\"><span class=\"counter\">3<\/span><\/div><\/a><a data-networks=\"[]\" class=\"social-sharing-button sharer-flat sharer-flat-1 counter-standard grad without-counter tooltip-icon facebook\" target=\"_blank\" title=\"Partagez !\" href=\"http:\/\/www.facebook.com\/sharer.php?u=https%3A%2F%2Fwww.latrancheemilitaire.com%2Fblog%2Fdossiers%2Flacage-des-rangers%2F\" data-main-href=\"http:\/\/www.facebook.com\/sharer.php?u={url}\" data-nid=\"1\" data-name=\"\" data-pid=\"1\" data-post-id=\"43\" data-url=\"https:\/\/www.latrancheemilitaire.com\/blog\/wp-admin\/admin-ajax.php\" data-description=\"La\u00e7age des rangers\" rel=\"nofollow\" data-mailto=\"\"><i class=\"fa-ssbs fa-ssbs-fw fa-ssbs-facebook\"><\/i><div class=\"counter-wrap standard\"><span class=\"counter\">1<\/span><\/div><\/a><a data-networks=\"[]\" class=\"social-sharing-button sharer-flat sharer-flat-1 counter-standard grad without-counter tooltip-icon bookmark\" target=\"_blank\" title=\"Ajoutez !\" href=\"#\" data-main-href=\"#\" data-nid=\"15\" data-name=\"\" data-pid=\"1\" data-post-id=\"43\" data-url=\"https:\/\/www.latrancheemilitaire.com\/blog\/wp-admin\/admin-ajax.php\" data-description=\"La\u00e7age des rangers\" rel=\"nofollow\" data-mailto=\"\"><i class=\"fa-ssbs fa-ssbs-fw fa-ssbs-plus\"><\/i><div class=\"counter-wrap standard\"><span class=\"counter\">0<\/span><\/div><\/a><a data-networks=\"[]\" class=\"social-sharing-button sharer-flat sharer-flat-1 counter-standard grad without-counter tooltip-icon twitter\" target=\"_blank\" title=\"Twitter !\" href=\"https:\/\/twitter.com\/share?url=https%3A%2F%2Fwww.latrancheemilitaire.com%2Fblog%2Fdossiers%2Flacage-des-rangers%2F&text=La%C3%A7age+des+rangers\" data-main-href=\"https:\/\/twitter.com\/share?url={url}&text={title}\" data-nid=\"2\" data-name=\"\" data-pid=\"1\" data-post-id=\"43\" data-url=\"https:\/\/www.latrancheemilitaire.com\/blog\/wp-admin\/admin-ajax.php\" data-description=\"La\u00e7age des rangers\" rel=\"nofollow\" data-mailto=\"\"><i class=\"fa-ssbs fa-ssbs-fw fa-ssbs-twitter\"><\/i><div class=\"counter-wrap standard\"><span class=\"counter\">0<\/span><\/div><\/a><a data-networks=\"[]\" class=\"social-sharing-button sharer-flat sharer-flat-1 counter-standard grad without-counter tooltip-icon mail\" target=\"_blank\" title=\"Envoyez !\" href=\"#\" data-main-href=\"#\" data-nid=\"16\" data-name=\"\" data-pid=\"1\" data-post-id=\"43\" data-url=\"https:\/\/www.latrancheemilitaire.com\/blog\/wp-admin\/admin-ajax.php\" data-description=\"La\u00e7age des rangers\" rel=\"nofollow\" data-mailto=\"\"><i class=\"fa-ssbs fa-ssbs-fw fa-ssbs-envelope-o\"><\/i><div class=\"counter-wrap standard\"><span class=\"counter\">1<\/span><\/div><\/a><a data-networks=\"[]\" class=\"social-sharing-button sharer-flat sharer-flat-1 counter-standard grad without-counter tooltip-icon pinterest\" target=\"_blank\" title=\"Epinglez !\" href=\"http:\/\/pinterest.com\/pin\/create\/link\/?url=https%3A%2F%2Fwww.latrancheemilitaire.com%2Fblog%2Fdossiers%2Flacage-des-rangers%2F&description=La%C3%A7age+des+rangers\" data-main-href=\"http:\/\/pinterest.com\/pin\/create\/link\/?url={url}&description={title}\" data-nid=\"7\" data-name=\"\" data-pid=\"1\" data-post-id=\"43\" data-url=\"https:\/\/www.latrancheemilitaire.com\/blog\/wp-admin\/admin-ajax.php\" data-description=\"La\u00e7age des rangers\" rel=\"nofollow\" data-mailto=\"\"><i class=\"fa-ssbs fa-ssbs-fw fa-ssbs-pinterest\"><\/i><div class=\"counter-wrap standard\"><span class=\"counter\">1<\/span><\/div><\/a><\/div><p>Les lacets sont des \u00e9l\u00e9ments \u00e0 ne pas n\u00e9gliger. Selon la situation et l&rsquo;usage, diff\u00e9rents type de la\u00e7age existent afin de maintenir correctement le pied dans la rangers. Voici les plus courants.<\/p>\n<h3>Le la\u00e7age \u00ab\u00a0Commando\u00a0\u00bb<\/h3>\n<p><img loading=\"lazy\" class=\"aligncenter size-full wp-image-39\" src=\"https:\/\/latrancheemilitaire.com\/blog\/wp-content\/uploads\/2017\/04\/lacetcommando.jpg\" alt=\"\" width=\"545\" height=\"250\" srcset=\"https:\/\/www.latrancheemilitaire.com\/blog\/wp-content\/uploads\/2017\/04\/lacetcommando.jpg 545w, https:\/\/www.latrancheemilitaire.com\/blog\/wp-content\/uploads\/2017\/04\/lacetcommando-300x138.jpg 300w\" sizes=\"(max-width: 545px) 100vw, 545px\" \/><\/p>\n<p>Le plus utilis\u00e9, cette m\u00e9thode permet de maintenir la rangers sans meurtrir le dessus du pied lorsque celui-ci se plie. Autre avantage, un serrage (et un desserrage) tr\u00e8s rapide des lacets. Il est \u00e0 noter \u00e9galement que ce type de technique sera utilis\u00e9 surtout sur les chaussures poss\u00e9dant un nombre paire d\u2019\u0153illets afin de \u00ab\u00a0ranger\u00a0\u00bb l&rsquo;exc\u00e9dent des lacets dans les chaussures.<\/p>\n<h3>Le la\u00e7age \u00ab\u00a0crois\u00e9\u00a0\u00bb<\/h3>\n<p><img loading=\"lazy\" class=\"aligncenter size-full wp-image-40\" src=\"https:\/\/latrancheemilitaire.com\/blog\/wp-content\/uploads\/2017\/04\/lacetcroise.jpg\" alt=\"\" width=\"545\" height=\"250\" srcset=\"https:\/\/www.latrancheemilitaire.com\/blog\/wp-content\/uploads\/2017\/04\/lacetcroise.jpg 545w, https:\/\/www.latrancheemilitaire.com\/blog\/wp-content\/uploads\/2017\/04\/lacetcroise-300x138.jpg 300w\" sizes=\"(max-width: 545px) 100vw, 545px\" \/><\/p>\n<p>Le plus commun des la\u00e7ages. Peu pratique lorsqu&rsquo;on le sert, il a tendance \u00e0 faire plus mal que le la\u00e7age pr\u00e9c\u00e9dent, surtout si la rangers est port\u00e9e tr\u00e8s longtemps.<\/p>\n<h3>Le la\u00e7age \u00ab\u00a0double\u00a0\u00bb<\/h3>\n<p><img loading=\"lazy\" class=\"aligncenter size-full wp-image-41\" src=\"https:\/\/latrancheemilitaire.com\/blog\/wp-content\/uploads\/2017\/04\/lacetdouble.jpg\" alt=\"\" width=\"545\" height=\"250\" srcset=\"https:\/\/www.latrancheemilitaire.com\/blog\/wp-content\/uploads\/2017\/04\/lacetdouble.jpg 545w, https:\/\/www.latrancheemilitaire.com\/blog\/wp-content\/uploads\/2017\/04\/lacetdouble-300x138.jpg 300w\" sizes=\"(max-width: 545px) 100vw, 545px\" \/><\/p>\n<p>Certainement le plus technique de tous, ce type de la\u00e7age est surtout utilis\u00e9 pour les parades militaires, et plus pr\u00e9cis\u00e9ment pour les gardes de drapeau. On utilisera de pr\u00e9f\u00e9rence des lacets blancs.<\/p>\n<h3>Le la\u00e7age \u00ab\u00a0TTA\u00a0\u00bb<\/h3>\n<p><img loading=\"lazy\" class=\"aligncenter size-full wp-image-42\" src=\"https:\/\/latrancheemilitaire.com\/blog\/wp-content\/uploads\/2017\/04\/lacettta.jpg\" alt=\"\" width=\"545\" height=\"250\" srcset=\"https:\/\/www.latrancheemilitaire.com\/blog\/wp-content\/uploads\/2017\/04\/lacettta.jpg 545w, https:\/\/www.latrancheemilitaire.com\/blog\/wp-content\/uploads\/2017\/04\/lacettta-300x138.jpg 300w\" sizes=\"(max-width: 545px) 100vw, 545px\" \/><\/p>\n<p>La technique la plus simple ! En effet, c&rsquo;est celle que l&rsquo;on apprenait pendant le service militaire. Un n\u0153ud \u00e0 l&rsquo;extr\u00e9mit\u00e9 du lacet et voil\u00e0. Son avantage : pas besoin de savoir faire les n\u0153uds de lacets et une seule main suffit pour lacer ses rangers. Sur le <a href=\"https:\/\/www.trancheemilitaire.com\/rangers\/68-rangers-bm-65-armee-francaise-.html\" target=\"_blank\" rel=\"noopener noreferrer\">Brodequin de Marche \u00e0 Jambi\u00e8re Attenante mod\u00e8le 65<\/a>, on fera partir le lacet c\u00f4t\u00e9 boucle. Apr\u00e8s le dernier \u0153illet, on enroulera l&rsquo;exc\u00e9dent de lacet autour de la boucle et \u00e0 l&rsquo;int\u00e9rieur de la jambi\u00e8re.<\/p>\n","protected":false},"excerpt":{"rendered":"<div data-animation=\"tada\" data-icons-animation=\"rubberBand\" data-overlay=\"\" data-change-size=\"\" data-button-size=\"0.7\" style=\"font-size:0.7em!important;display:none;\" class=\"supsystic-social-sharing supsystic-social-sharing-package-flat supsystic-social-sharing-content supsystic-social-sharing-content-align-left\" data-text=\"\"><a data-networks=\"[]\" class=\"social-sharing-button sharer-flat sharer-flat-1 counter-standard grad without-counter tooltip-icon print\" target=\"_blank\" title=\"Imprimez !\" href=\"#\" data-main-href=\"#\" data-nid=\"14\" data-name=\"\" data-pid=\"1\" data-post-id=\"43\" data-url=\"https:\/\/www.latrancheemilitaire.com\/blog\/wp-admin\/admin-ajax.php\" data-description=\"La\u00e7age des rangers\" rel=\"nofollow\" data-mailto=\"\"><i class=\"fa-ssbs fa-ssbs-fw fa-ssbs-print\"><\/i><div class=\"counter-wrap standard\"><span class=\"counter\">3<\/span><\/div><\/a><a data-networks=\"[]\" class=\"social-sharing-button sharer-flat sharer-flat-1 counter-standard grad without-counter tooltip-icon facebook\" target=\"_blank\" title=\"Partagez !\" href=\"http:\/\/www.facebook.com\/sharer.php?u=https%3A%2F%2Fwww.latrancheemilitaire.com%2Fblog%2Fdossiers%2Flacage-des-rangers%2F\" data-main-href=\"http:\/\/www.facebook.com\/sharer.php?u={url}\" data-nid=\"1\" data-name=\"\" data-pid=\"1\" data-post-id=\"43\" data-url=\"https:\/\/www.latrancheemilitaire.com\/blog\/wp-admin\/admin-ajax.php\" data-description=\"La\u00e7age des rangers\" rel=\"nofollow\" data-mailto=\"\"><i class=\"fa-ssbs fa-ssbs-fw fa-ssbs-facebook\"><\/i><div class=\"counter-wrap standard\"><span class=\"counter\">1<\/span><\/div><\/a><a data-networks=\"[]\" class=\"social-sharing-button sharer-flat sharer-flat-1 counter-standard grad without-counter tooltip-icon bookmark\" target=\"_blank\" title=\"Ajoutez !\" href=\"#\" data-main-href=\"#\" data-nid=\"15\" data-name=\"\" data-pid=\"1\" data-post-id=\"43\" data-url=\"https:\/\/www.latrancheemilitaire.com\/blog\/wp-admin\/admin-ajax.php\" data-description=\"La\u00e7age des rangers\" rel=\"nofollow\" data-mailto=\"\"><i class=\"fa-ssbs fa-ssbs-fw fa-ssbs-plus\"><\/i><div class=\"counter-wrap standard\"><span class=\"counter\">0<\/span><\/div><\/a><a data-networks=\"[]\" class=\"social-sharing-button sharer-flat sharer-flat-1 counter-standard grad without-counter tooltip-icon twitter\" target=\"_blank\" title=\"Twitter !\" href=\"https:\/\/twitter.com\/share?url=https%3A%2F%2Fwww.latrancheemilitaire.com%2Fblog%2Fdossiers%2Flacage-des-rangers%2F&text=La%C3%A7age+des+rangers\" data-main-href=\"https:\/\/twitter.com\/share?url={url}&text={title}\" data-nid=\"2\" data-name=\"\" data-pid=\"1\" data-post-id=\"43\" data-url=\"https:\/\/www.latrancheemilitaire.com\/blog\/wp-admin\/admin-ajax.php\" data-description=\"La\u00e7age des rangers\" rel=\"nofollow\" data-mailto=\"\"><i class=\"fa-ssbs fa-ssbs-fw fa-ssbs-twitter\"><\/i><div class=\"counter-wrap standard\"><span class=\"counter\">0<\/span><\/div><\/a><a data-networks=\"[]\" class=\"social-sharing-button sharer-flat sharer-flat-1 counter-standard grad without-counter tooltip-icon mail\" target=\"_blank\" title=\"Envoyez !\" href=\"#\" data-main-href=\"#\" data-nid=\"16\" data-name=\"\" data-pid=\"1\" data-post-id=\"43\" data-url=\"https:\/\/www.latrancheemilitaire.com\/blog\/wp-admin\/admin-ajax.php\" data-description=\"La\u00e7age des rangers\" rel=\"nofollow\" data-mailto=\"\"><i class=\"fa-ssbs fa-ssbs-fw fa-ssbs-envelope-o\"><\/i><div class=\"counter-wrap standard\"><span class=\"counter\">1<\/span><\/div><\/a><a data-networks=\"[]\" class=\"social-sharing-button sharer-flat sharer-flat-1 counter-standard grad without-counter tooltip-icon pinterest\" target=\"_blank\" title=\"Epinglez !\" href=\"http:\/\/pinterest.com\/pin\/create\/link\/?url=https%3A%2F%2Fwww.latrancheemilitaire.com%2Fblog%2Fdossiers%2Flacage-des-rangers%2F&description=La%C3%A7age+des+rangers\" data-main-href=\"http:\/\/pinterest.com\/pin\/create\/link\/?url={url}&description={title}\" data-nid=\"7\" data-name=\"\" data-pid=\"1\" data-post-id=\"43\" data-url=\"https:\/\/www.latrancheemilitaire.com\/blog\/wp-admin\/admin-ajax.php\" data-description=\"La\u00e7age des rangers\" rel=\"nofollow\" data-mailto=\"\"><i class=\"fa-ssbs fa-ssbs-fw fa-ssbs-pinterest\"><\/i><div class=\"counter-wrap standard\"><span class=\"counter\">1<\/span><\/div><\/a><\/div><p>Les lacets sont des \u00e9l\u00e9ments \u00e0 ne pas n\u00e9gliger. Selon la situation et l&rsquo;usage, diff\u00e9rents type de la\u00e7age existent afin de maintenir correctement le pied dans la rangers. Voici les plus courants. Le la\u00e7age \u00ab\u00a0Commando\u00a0\u00bb Le plus utilis\u00e9, cette m\u00e9thode permet de maintenir la rangers sans meurtrir le dessus du pied lorsque celui-ci se plie. [&hellip;]<\/p>\n","protected":false},"author":1,"featured_media":41,"parent":35,"menu_order":0,"comment_status":"closed","ping_status":"closed","template":"","meta":[],"yoast_head":"<!-- This site is optimized with the Yoast SEO plugin v18.8 - https:\/\/yoast.com\/wordpress\/plugins\/seo\/ -->\n<title>La\u00e7age des rangers - La Tranch\u00e9e Militaire and Co<\/title>\n<meta name=\"description\" content=\"M\u00e9thode de la\u00e7age pour chaussures hautes et rangers militaires.\" \/>\n<meta name=\"robots\" content=\"index, follow, max-snippet:-1, max-image-preview:large, max-video-preview:-1\" \/>\n<link rel=\"canonical\" href=\"https:\/\/www.latrancheemilitaire.com\/blog\/dossiers\/lacage-des-rangers\/\" \/>\n<meta property=\"og:locale\" content=\"fr_FR\" \/>\n<meta property=\"og:type\" content=\"article\" \/>\n<meta property=\"og:title\" content=\"La\u00e7age des rangers - La Tranch\u00e9e Militaire and Co\" \/>\n<meta property=\"og:description\" content=\"M\u00e9thode de la\u00e7age pour chaussures hautes et rangers militaires.\" \/>\n<meta property=\"og:url\" content=\"https:\/\/www.latrancheemilitaire.com\/blog\/dossiers\/lacage-des-rangers\/\" \/>\n<meta property=\"og:site_name\" content=\"La Tranch\u00e9e Militaire and Co\" \/>\n<meta property=\"article:publisher\" content=\"https:\/\/business.facebook.com\/ltmac37\" \/>\n<meta property=\"article:modified_time\" content=\"2019-04-30T12:50:20+00:00\" \/>\n<meta property=\"og:image\" content=\"https:\/\/www.latrancheemilitaire.com\/blog\/wp-content\/uploads\/2017\/04\/lacetdouble.jpg\" \/>\n\t<meta property=\"og:image:width\" content=\"545\" \/>\n\t<meta property=\"og:image:height\" content=\"250\" \/>\n\t<meta property=\"og:image:type\" content=\"image\/jpeg\" \/>\n<meta name=\"twitter:label1\" content=\"Dur\u00e9e de lecture estim\u00e9e\" \/>\n\t<meta name=\"twitter:data1\" content=\"1 minute\" \/>\n<script type=\"application\/ld+json\" class=\"yoast-schema-graph\">{\"@context\":\"https:\/\/schema.org\",\"@graph\":[{\"@type\":\"WebSite\",\"@id\":\"https:\/\/www.latrancheemilitaire.com\/blog\/#website\",\"url\":\"https:\/\/www.latrancheemilitaire.com\/blog\/\",\"name\":\"La Tranch\u00e9e Militaire and Co\",\"description\":\"L&#039;actualit\u00e9 du surplus\",\"potentialAction\":[{\"@type\":\"SearchAction\",\"target\":{\"@type\":\"EntryPoint\",\"urlTemplate\":\"https:\/\/www.latrancheemilitaire.com\/blog\/?s={search_term_string}\"},\"query-input\":\"required name=search_term_string\"}],\"inLanguage\":\"fr-FR\"},{\"@type\":\"ImageObject\",\"inLanguage\":\"fr-FR\",\"@id\":\"https:\/\/www.latrancheemilitaire.com\/blog\/dossiers\/lacage-des-rangers\/#primaryimage\",\"url\":\"https:\/\/www.latrancheemilitaire.com\/blog\/wp-content\/uploads\/2017\/04\/lacetdouble.jpg\",\"contentUrl\":\"https:\/\/www.latrancheemilitaire.com\/blog\/wp-content\/uploads\/2017\/04\/lacetdouble.jpg\",\"width\":545,\"height\":250},{\"@type\":\"WebPage\",\"@id\":\"https:\/\/www.latrancheemilitaire.com\/blog\/dossiers\/lacage-des-rangers\/#webpage\",\"url\":\"https:\/\/www.latrancheemilitaire.com\/blog\/dossiers\/lacage-des-rangers\/\",\"name\":\"La\u00e7age des rangers - La Tranch\u00e9e Militaire and Co\",\"isPartOf\":{\"@id\":\"https:\/\/www.latrancheemilitaire.com\/blog\/#website\"},\"primaryImageOfPage\":{\"@id\":\"https:\/\/www.latrancheemilitaire.com\/blog\/dossiers\/lacage-des-rangers\/#primaryimage\"},\"datePublished\":\"2017-04-24T13:29:46+00:00\",\"dateModified\":\"2019-04-30T12:50:20+00:00\",\"description\":\"M\u00e9thode de la\u00e7age pour chaussures hautes et rangers militaires.\",\"breadcrumb\":{\"@id\":\"https:\/\/www.latrancheemilitaire.com\/blog\/dossiers\/lacage-des-rangers\/#breadcrumb\"},\"inLanguage\":\"fr-FR\",\"potentialAction\":[{\"@type\":\"ReadAction\",\"target\":[\"https:\/\/www.latrancheemilitaire.com\/blog\/dossiers\/lacage-des-rangers\/\"]}]},{\"@type\":\"BreadcrumbList\",\"@id\":\"https:\/\/www.latrancheemilitaire.com\/blog\/dossiers\/lacage-des-rangers\/#breadcrumb\",\"itemListElement\":[{\"@type\":\"ListItem\",\"position\":1,\"name\":\"Accueil\",\"item\":\"https:\/\/www.latrancheemilitaire.com\/blog\/\"},{\"@type\":\"ListItem\",\"position\":2,\"name\":\"Dossiers\",\"item\":\"https:\/\/www.latrancheemilitaire.com\/blog\/dossiers\/\"},{\"@type\":\"ListItem\",\"position\":3,\"name\":\"La\u00e7age des rangers\"}]}]}<\/script>\n<!-- \/ Yoast SEO plugin. -->","yoast_head_json":{"title":"La\u00e7age des rangers - La Tranch\u00e9e Militaire and Co","description":"M\u00e9thode de la\u00e7age pour chaussures hautes et rangers militaires.","robots":{"index":"index","follow":"follow","max-snippet":"max-snippet:-1","max-image-preview":"max-image-preview:large","max-video-preview":"max-video-preview:-1"},"canonical":"https:\/\/www.latrancheemilitaire.com\/blog\/dossiers\/lacage-des-rangers\/","og_locale":"fr_FR","og_type":"article","og_title":"La\u00e7age des rangers - La Tranch\u00e9e Militaire and Co","og_description":"M\u00e9thode de la\u00e7age pour chaussures hautes et rangers militaires.","og_url":"https:\/\/www.latrancheemilitaire.com\/blog\/dossiers\/lacage-des-rangers\/","og_site_name":"La Tranch\u00e9e Militaire and Co","article_publisher":"https:\/\/business.facebook.com\/ltmac37","article_modified_time":"2019-04-30T12:50:20+00:00","og_image":[{"width":545,"height":250,"url":"https:\/\/www.latrancheemilitaire.com\/blog\/wp-content\/uploads\/2017\/04\/lacetdouble.jpg","type":"image\/jpeg"}],"twitter_misc":{"Dur\u00e9e de lecture estim\u00e9e":"1 minute"},"schema":{"@context":"https:\/\/schema.org","@graph":[{"@type":"WebSite","@id":"https:\/\/www.latrancheemilitaire.com\/blog\/#website","url":"https:\/\/www.latrancheemilitaire.com\/blog\/","name":"La Tranch\u00e9e Militaire and Co","description":"L&#039;actualit\u00e9 du surplus","potentialAction":[{"@type":"SearchAction","target":{"@type":"EntryPoint","urlTemplate":"https:\/\/www.latrancheemilitaire.com\/blog\/?s={search_term_string}"},"query-input":"required name=search_term_string"}],"inLanguage":"fr-FR"},{"@type":"ImageObject","inLanguage":"fr-FR","@id":"https:\/\/www.latrancheemilitaire.com\/blog\/dossiers\/lacage-des-rangers\/#primaryimage","url":"https:\/\/www.latrancheemilitaire.com\/blog\/wp-content\/uploads\/2017\/04\/lacetdouble.jpg","contentUrl":"https:\/\/www.latrancheemilitaire.com\/blog\/wp-content\/uploads\/2017\/04\/lacetdouble.jpg","width":545,"height":250},{"@type":"WebPage","@id":"https:\/\/www.latrancheemilitaire.com\/blog\/dossiers\/lacage-des-rangers\/#webpage","url":"https:\/\/www.latrancheemilitaire.com\/blog\/dossiers\/lacage-des-rangers\/","name":"La\u00e7age des rangers - La Tranch\u00e9e Militaire and Co","isPartOf":{"@id":"https:\/\/www.latrancheemilitaire.com\/blog\/#website"},"primaryImageOfPage":{"@id":"https:\/\/www.latrancheemilitaire.com\/blog\/dossiers\/lacage-des-rangers\/#primaryimage"},"datePublished":"2017-04-24T13:29:46+00:00","dateModified":"2019-04-30T12:50:20+00:00","description":"M\u00e9thode de la\u00e7age pour chaussures hautes et rangers militaires.","breadcrumb":{"@id":"https:\/\/www.latrancheemilitaire.com\/blog\/dossiers\/lacage-des-rangers\/#breadcrumb"},"inLanguage":"fr-FR","potentialAction":[{"@type":"ReadAction","target":["https:\/\/www.latrancheemilitaire.com\/blog\/dossiers\/lacage-des-rangers\/"]}]},{"@type":"BreadcrumbList","@id":"https:\/\/www.latrancheemilitaire.com\/blog\/dossiers\/lacage-des-rangers\/#breadcrumb","itemListElement":[{"@type":"ListItem","position":1,"name":"Accueil","item":"https:\/\/www.latrancheemilitaire.com\/blog\/"},{"@type":"ListItem","position":2,"name":"Dossiers","item":"https:\/\/www.latrancheemilitaire.com\/blog\/dossiers\/"},{"@type":"ListItem","position":3,"name":"La\u00e7age des rangers"}]}]}},"_links":{"self":[{"href":"https:\/\/www.latrancheemilitaire.com\/blog\/wp-json\/wp\/v2\/pages\/43"}],"collection":[{"href":"https:\/\/www.latrancheemilitaire.com\/blog\/wp-json\/wp\/v2\/pages"}],"about":[{"href":"https:\/\/www.latrancheemilitaire.com\/blog\/wp-json\/wp\/v2\/types\/page"}],"author":[{"embeddable":true,"href":"https:\/\/www.latrancheemilitaire.com\/blog\/wp-json\/wp\/v2\/users\/1"}],"replies":[{"embeddable":true,"href":"https:\/\/www.latrancheemilitaire.com\/blog\/wp-json\/wp\/v2\/comments?post=43"}],"version-history":[{"count":7,"href":"https:\/\/www.latrancheemilitaire.com\/blog\/wp-json\/wp\/v2\/pages\/43\/revisions"}],"predecessor-version":[{"id":203,"href":"https:\/\/www.latrancheemilitaire.com\/blog\/wp-json\/wp\/v2\/pages\/43\/revisions\/203"}],"up":[{"embeddable":true,"href":"https:\/\/www.latrancheemilitaire.com\/blog\/wp-json\/wp\/v2\/pages\/35"}],"wp:featuredmedia":[{"embeddable":true,"href":"https:\/\/www.latrancheemilitaire.com\/blog\/wp-json\/wp\/v2\/media\/41"}],"wp:attachment":[{"href":"https:\/\/www.latrancheemilitaire.com\/blog\/wp-json\/wp\/v2\/media?parent=43"}],"curies":[{"name":"wp","href":"https:\/\/api.w.org\/{rel}","templated":true}]}}