{"id":35,"date":"2017-04-24T14:16:04","date_gmt":"2017-04-24T13:16:04","guid":{"rendered":"https:\/\/latrancheemilitaire.com\/blog\/?page_id=35"},"modified":"2017-04-24T14:19:25","modified_gmt":"2017-04-24T13:19:25","slug":"dossiers","status":"publish","type":"page","link":"https:\/\/www.latrancheemilitaire.com\/blog\/dossiers\/","title":{"rendered":"Dossiers"},"content":{"rendered":"<div data-animation=\"tada\" data-icons-animation=\"rubberBand\" data-overlay=\"\" data-change-size=\"\" data-button-size=\"0.7\" style=\"font-size:0.7em!important;display:none;\" class=\"supsystic-social-sharing supsystic-social-sharing-package-flat supsystic-social-sharing-content supsystic-social-sharing-content-align-left\" data-text=\"\"><a data-networks=\"[]\" class=\"social-sharing-button sharer-flat sharer-flat-1 counter-standard grad without-counter tooltip-icon print\" target=\"_blank\" title=\"Imprimez !\" href=\"#\" data-main-href=\"#\" data-nid=\"14\" data-name=\"\" data-pid=\"1\" data-post-id=\"35\" data-url=\"https:\/\/www.latrancheemilitaire.com\/blog\/wp-admin\/admin-ajax.php\" data-description=\"Dossiers\" rel=\"nofollow\" data-mailto=\"\"><i class=\"fa-ssbs fa-ssbs-fw fa-ssbs-print\"><\/i><div class=\"counter-wrap standard\"><span class=\"counter\">0<\/span><\/div><\/a><a data-networks=\"[]\" class=\"social-sharing-button sharer-flat sharer-flat-1 counter-standard grad without-counter tooltip-icon facebook\" target=\"_blank\" title=\"Partagez !\" href=\"http:\/\/www.facebook.com\/sharer.php?u=https%3A%2F%2Fwww.latrancheemilitaire.com%2Fblog%2Fdossiers%2F\" data-main-href=\"http:\/\/www.facebook.com\/sharer.php?u={url}\" data-nid=\"1\" data-name=\"\" data-pid=\"1\" data-post-id=\"35\" data-url=\"https:\/\/www.latrancheemilitaire.com\/blog\/wp-admin\/admin-ajax.php\" data-description=\"Dossiers\" rel=\"nofollow\" data-mailto=\"\"><i class=\"fa-ssbs fa-ssbs-fw fa-ssbs-facebook\"><\/i><div class=\"counter-wrap standard\"><span class=\"counter\">0<\/span><\/div><\/a><a data-networks=\"[]\" class=\"social-sharing-button sharer-flat sharer-flat-1 counter-standard grad without-counter tooltip-icon bookmark\" target=\"_blank\" title=\"Ajoutez !\" href=\"#\" data-main-href=\"#\" data-nid=\"15\" data-name=\"\" data-pid=\"1\" data-post-id=\"35\" data-url=\"https:\/\/www.latrancheemilitaire.com\/blog\/wp-admin\/admin-ajax.php\" data-description=\"Dossiers\" rel=\"nofollow\" data-mailto=\"\"><i class=\"fa-ssbs fa-ssbs-fw fa-ssbs-plus\"><\/i><div class=\"counter-wrap standard\"><span class=\"counter\">0<\/span><\/div><\/a><a data-networks=\"[]\" class=\"social-sharing-button sharer-flat sharer-flat-1 counter-standard grad without-counter tooltip-icon twitter\" target=\"_blank\" title=\"Twitter !\" href=\"https:\/\/twitter.com\/share?url=https%3A%2F%2Fwww.latrancheemilitaire.com%2Fblog%2Fdossiers%2F&text=Dossiers\" data-main-href=\"https:\/\/twitter.com\/share?url={url}&text={title}\" data-nid=\"2\" data-name=\"\" data-pid=\"1\" data-post-id=\"35\" data-url=\"https:\/\/www.latrancheemilitaire.com\/blog\/wp-admin\/admin-ajax.php\" data-description=\"Dossiers\" rel=\"nofollow\" data-mailto=\"\"><i class=\"fa-ssbs fa-ssbs-fw fa-ssbs-twitter\"><\/i><div class=\"counter-wrap standard\"><span class=\"counter\">1<\/span><\/div><\/a><a data-networks=\"[]\" class=\"social-sharing-button sharer-flat sharer-flat-1 counter-standard grad without-counter tooltip-icon mail\" target=\"_blank\" title=\"Envoyez !\" href=\"#\" data-main-href=\"#\" data-nid=\"16\" data-name=\"\" data-pid=\"1\" data-post-id=\"35\" data-url=\"https:\/\/www.latrancheemilitaire.com\/blog\/wp-admin\/admin-ajax.php\" data-description=\"Dossiers\" rel=\"nofollow\" data-mailto=\"\"><i class=\"fa-ssbs fa-ssbs-fw fa-ssbs-envelope-o\"><\/i><div class=\"counter-wrap standard\"><span class=\"counter\">1<\/span><\/div><\/a><a data-networks=\"[]\" class=\"social-sharing-button sharer-flat sharer-flat-1 counter-standard grad without-counter tooltip-icon pinterest\" target=\"_blank\" title=\"Epinglez !\" href=\"http:\/\/pinterest.com\/pin\/create\/link\/?url=https%3A%2F%2Fwww.latrancheemilitaire.com%2Fblog%2Fdossiers%2F&description=Dossiers\" data-main-href=\"http:\/\/pinterest.com\/pin\/create\/link\/?url={url}&description={title}\" data-nid=\"7\" data-name=\"\" data-pid=\"1\" data-post-id=\"35\" data-url=\"https:\/\/www.latrancheemilitaire.com\/blog\/wp-admin\/admin-ajax.php\" data-description=\"Dossiers\" rel=\"nofollow\" data-mailto=\"\"><i class=\"fa-ssbs fa-ssbs-fw fa-ssbs-pinterest\"><\/i><div class=\"counter-wrap standard\"><span class=\"counter\">0<\/span><\/div><\/a><\/div><p>Retrouvez ici nos dossiers consacr\u00e9s aux surplus militaire et aux activit\u00e9s ext\u00e9rieures. Des tests, des avis, des pr\u00e9sentations, sans oublier des astuces et des conseils, animeront cette rubrique. N&rsquo;h\u00e9sitez pas \u00e0 nous solliciter si vous souhaitez un th\u00e8me particulier. Dans la mesure du possible, nous r\u00e9digerons une page. A terme, nous esp\u00e9rons construire une tranch\u00e9ep\u00e9dia regroupant tout notre savoir-faire et nos connaissances.<\/p>\n<p>Bonne\u00a0lecture !<\/p>\n","protected":false},"excerpt":{"rendered":"<div data-animation=\"tada\" data-icons-animation=\"rubberBand\" data-overlay=\"\" data-change-size=\"\" data-button-size=\"0.7\" style=\"font-size:0.7em!important;display:none;\" class=\"supsystic-social-sharing supsystic-social-sharing-package-flat supsystic-social-sharing-content supsystic-social-sharing-content-align-left\" data-text=\"\"><a data-networks=\"[]\" class=\"social-sharing-button sharer-flat sharer-flat-1 counter-standard grad without-counter tooltip-icon print\" target=\"_blank\" title=\"Imprimez !\" href=\"#\" data-main-href=\"#\" data-nid=\"14\" data-name=\"\" data-pid=\"1\" data-post-id=\"35\" data-url=\"https:\/\/www.latrancheemilitaire.com\/blog\/wp-admin\/admin-ajax.php\" data-description=\"Dossiers\" rel=\"nofollow\" data-mailto=\"\"><i class=\"fa-ssbs fa-ssbs-fw fa-ssbs-print\"><\/i><div class=\"counter-wrap standard\"><span class=\"counter\">0<\/span><\/div><\/a><a data-networks=\"[]\" class=\"social-sharing-button sharer-flat sharer-flat-1 counter-standard grad without-counter tooltip-icon facebook\" target=\"_blank\" title=\"Partagez !\" href=\"http:\/\/www.facebook.com\/sharer.php?u=https%3A%2F%2Fwww.latrancheemilitaire.com%2Fblog%2Fdossiers%2F\" data-main-href=\"http:\/\/www.facebook.com\/sharer.php?u={url}\" data-nid=\"1\" data-name=\"\" data-pid=\"1\" data-post-id=\"35\" data-url=\"https:\/\/www.latrancheemilitaire.com\/blog\/wp-admin\/admin-ajax.php\" data-description=\"Dossiers\" rel=\"nofollow\" data-mailto=\"\"><i class=\"fa-ssbs fa-ssbs-fw fa-ssbs-facebook\"><\/i><div class=\"counter-wrap standard\"><span class=\"counter\">0<\/span><\/div><\/a><a data-networks=\"[]\" class=\"social-sharing-button sharer-flat sharer-flat-1 counter-standard grad without-counter tooltip-icon bookmark\" target=\"_blank\" title=\"Ajoutez !\" href=\"#\" data-main-href=\"#\" data-nid=\"15\" data-name=\"\" data-pid=\"1\" data-post-id=\"35\" data-url=\"https:\/\/www.latrancheemilitaire.com\/blog\/wp-admin\/admin-ajax.php\" data-description=\"Dossiers\" rel=\"nofollow\" data-mailto=\"\"><i class=\"fa-ssbs fa-ssbs-fw fa-ssbs-plus\"><\/i><div class=\"counter-wrap standard\"><span class=\"counter\">0<\/span><\/div><\/a><a data-networks=\"[]\" class=\"social-sharing-button sharer-flat sharer-flat-1 counter-standard grad without-counter tooltip-icon twitter\" target=\"_blank\" title=\"Twitter !\" href=\"https:\/\/twitter.com\/share?url=https%3A%2F%2Fwww.latrancheemilitaire.com%2Fblog%2Fdossiers%2F&text=Dossiers\" data-main-href=\"https:\/\/twitter.com\/share?url={url}&text={title}\" data-nid=\"2\" data-name=\"\" data-pid=\"1\" data-post-id=\"35\" data-url=\"https:\/\/www.latrancheemilitaire.com\/blog\/wp-admin\/admin-ajax.php\" data-description=\"Dossiers\" rel=\"nofollow\" data-mailto=\"\"><i class=\"fa-ssbs fa-ssbs-fw fa-ssbs-twitter\"><\/i><div class=\"counter-wrap standard\"><span class=\"counter\">1<\/span><\/div><\/a><a data-networks=\"[]\" class=\"social-sharing-button sharer-flat sharer-flat-1 counter-standard grad without-counter tooltip-icon mail\" target=\"_blank\" title=\"Envoyez !\" href=\"#\" data-main-href=\"#\" data-nid=\"16\" data-name=\"\" data-pid=\"1\" data-post-id=\"35\" data-url=\"https:\/\/www.latrancheemilitaire.com\/blog\/wp-admin\/admin-ajax.php\" data-description=\"Dossiers\" rel=\"nofollow\" data-mailto=\"\"><i class=\"fa-ssbs fa-ssbs-fw fa-ssbs-envelope-o\"><\/i><div class=\"counter-wrap standard\"><span class=\"counter\">1<\/span><\/div><\/a><a data-networks=\"[]\" class=\"social-sharing-button sharer-flat sharer-flat-1 counter-standard grad without-counter tooltip-icon pinterest\" target=\"_blank\" title=\"Epinglez !\" href=\"http:\/\/pinterest.com\/pin\/create\/link\/?url=https%3A%2F%2Fwww.latrancheemilitaire.com%2Fblog%2Fdossiers%2F&description=Dossiers\" data-main-href=\"http:\/\/pinterest.com\/pin\/create\/link\/?url={url}&description={title}\" data-nid=\"7\" data-name=\"\" data-pid=\"1\" data-post-id=\"35\" data-url=\"https:\/\/www.latrancheemilitaire.com\/blog\/wp-admin\/admin-ajax.php\" data-description=\"Dossiers\" rel=\"nofollow\" data-mailto=\"\"><i class=\"fa-ssbs fa-ssbs-fw fa-ssbs-pinterest\"><\/i><div class=\"counter-wrap standard\"><span class=\"counter\">0<\/span><\/div><\/a><\/div><p>Retrouvez ici nos dossiers consacr\u00e9s aux surplus militaire et aux activit\u00e9s ext\u00e9rieures. Des tests, des avis, des pr\u00e9sentations, sans oublier des astuces et des conseils, animeront cette rubrique. N&rsquo;h\u00e9sitez pas \u00e0 nous solliciter si vous souhaitez un th\u00e8me particulier. Dans la mesure du possible, nous r\u00e9digerons une page. A terme, nous esp\u00e9rons construire une tranch\u00e9ep\u00e9dia [&hellip;]<\/p>\n","protected":false},"author":1,"featured_media":0,"parent":0,"menu_order":0,"comment_status":"closed","ping_status":"closed","template":"","meta":[],"yoast_head":"<!-- This site is optimized with the Yoast SEO plugin v18.8 - https:\/\/yoast.com\/wordpress\/plugins\/seo\/ -->\n<title>Dossiers - La Tranch\u00e9e Militaire and Co<\/title>\n<meta name=\"description\" content=\"Retrouvez ici nos dossiers consacr\u00e9s aux surplus militaire et aux activit\u00e9s ext\u00e9rieures.\" \/>\n<meta name=\"robots\" content=\"index, follow, max-snippet:-1, max-image-preview:large, max-video-preview:-1\" \/>\n<link rel=\"canonical\" href=\"https:\/\/www.latrancheemilitaire.com\/blog\/dossiers\/\" \/>\n<meta property=\"og:locale\" content=\"fr_FR\" \/>\n<meta property=\"og:type\" content=\"article\" \/>\n<meta property=\"og:title\" content=\"Dossiers - La Tranch\u00e9e Militaire and Co\" \/>\n<meta property=\"og:description\" content=\"Retrouvez ici nos dossiers consacr\u00e9s aux surplus militaire et aux activit\u00e9s ext\u00e9rieures.\" \/>\n<meta property=\"og:url\" content=\"https:\/\/www.latrancheemilitaire.com\/blog\/dossiers\/\" \/>\n<meta property=\"og:site_name\" content=\"La Tranch\u00e9e Militaire and Co\" \/>\n<meta property=\"article:publisher\" content=\"https:\/\/business.facebook.com\/ltmac37\" \/>\n<meta property=\"article:modified_time\" content=\"2017-04-24T13:19:25+00:00\" \/>\n<script type=\"application\/ld+json\" class=\"yoast-schema-graph\">{\"@context\":\"https:\/\/schema.org\",\"@graph\":[{\"@type\":\"WebSite\",\"@id\":\"https:\/\/www.latrancheemilitaire.com\/blog\/#website\",\"url\":\"https:\/\/www.latrancheemilitaire.com\/blog\/\",\"name\":\"La Tranch\u00e9e Militaire and Co\",\"description\":\"L&#039;actualit\u00e9 du surplus\",\"potentialAction\":[{\"@type\":\"SearchAction\",\"target\":{\"@type\":\"EntryPoint\",\"urlTemplate\":\"https:\/\/www.latrancheemilitaire.com\/blog\/?s={search_term_string}\"},\"query-input\":\"required name=search_term_string\"}],\"inLanguage\":\"fr-FR\"},{\"@type\":\"WebPage\",\"@id\":\"https:\/\/www.latrancheemilitaire.com\/blog\/dossiers\/#webpage\",\"url\":\"https:\/\/www.latrancheemilitaire.com\/blog\/dossiers\/\",\"name\":\"Dossiers - La Tranch\u00e9e Militaire and Co\",\"isPartOf\":{\"@id\":\"https:\/\/www.latrancheemilitaire.com\/blog\/#website\"},\"datePublished\":\"2017-04-24T13:16:04+00:00\",\"dateModified\":\"2017-04-24T13:19:25+00:00\",\"description\":\"Retrouvez ici nos dossiers consacr\u00e9s aux surplus militaire et aux activit\u00e9s ext\u00e9rieures.\",\"breadcrumb\":{\"@id\":\"https:\/\/www.latrancheemilitaire.com\/blog\/dossiers\/#breadcrumb\"},\"inLanguage\":\"fr-FR\",\"potentialAction\":[{\"@type\":\"ReadAction\",\"target\":[\"https:\/\/www.latrancheemilitaire.com\/blog\/dossiers\/\"]}]},{\"@type\":\"BreadcrumbList\",\"@id\":\"https:\/\/www.latrancheemilitaire.com\/blog\/dossiers\/#breadcrumb\",\"itemListElement\":[{\"@type\":\"ListItem\",\"position\":1,\"name\":\"Accueil\",\"item\":\"https:\/\/www.latrancheemilitaire.com\/blog\/\"},{\"@type\":\"ListItem\",\"position\":2,\"name\":\"Dossiers\"}]}]}<\/script>\n<!-- \/ Yoast SEO plugin. -->","yoast_head_json":{"title":"Dossiers - La Tranch\u00e9e Militaire and Co","description":"Retrouvez ici nos dossiers consacr\u00e9s aux surplus militaire et aux activit\u00e9s ext\u00e9rieures.","robots":{"index":"index","follow":"follow","max-snippet":"max-snippet:-1","max-image-preview":"max-image-preview:large","max-video-preview":"max-video-preview:-1"},"canonical":"https:\/\/www.latrancheemilitaire.com\/blog\/dossiers\/","og_locale":"fr_FR","og_type":"article","og_title":"Dossiers - La Tranch\u00e9e Militaire and Co","og_description":"Retrouvez ici nos dossiers consacr\u00e9s aux surplus militaire et aux activit\u00e9s ext\u00e9rieures.","og_url":"https:\/\/www.latrancheemilitaire.com\/blog\/dossiers\/","og_site_name":"La Tranch\u00e9e Militaire and Co","article_publisher":"https:\/\/business.facebook.com\/ltmac37","article_modified_time":"2017-04-24T13:19:25+00:00","schema":{"@context":"https:\/\/schema.org","@graph":[{"@type":"WebSite","@id":"https:\/\/www.latrancheemilitaire.com\/blog\/#website","url":"https:\/\/www.latrancheemilitaire.com\/blog\/","name":"La Tranch\u00e9e Militaire and Co","description":"L&#039;actualit\u00e9 du surplus","potentialAction":[{"@type":"SearchAction","target":{"@type":"EntryPoint","urlTemplate":"https:\/\/www.latrancheemilitaire.com\/blog\/?s={search_term_string}"},"query-input":"required name=search_term_string"}],"inLanguage":"fr-FR"},{"@type":"WebPage","@id":"https:\/\/www.latrancheemilitaire.com\/blog\/dossiers\/#webpage","url":"https:\/\/www.latrancheemilitaire.com\/blog\/dossiers\/","name":"Dossiers - La Tranch\u00e9e Militaire and Co","isPartOf":{"@id":"https:\/\/www.latrancheemilitaire.com\/blog\/#website"},"datePublished":"2017-04-24T13:16:04+00:00","dateModified":"2017-04-24T13:19:25+00:00","description":"Retrouvez ici nos dossiers consacr\u00e9s aux surplus militaire et aux activit\u00e9s ext\u00e9rieures.","breadcrumb":{"@id":"https:\/\/www.latrancheemilitaire.com\/blog\/dossiers\/#breadcrumb"},"inLanguage":"fr-FR","potentialAction":[{"@type":"ReadAction","target":["https:\/\/www.latrancheemilitaire.com\/blog\/dossiers\/"]}]},{"@type":"BreadcrumbList","@id":"https:\/\/www.latrancheemilitaire.com\/blog\/dossiers\/#breadcrumb","itemListElement":[{"@type":"ListItem","position":1,"name":"Accueil","item":"https:\/\/www.latrancheemilitaire.com\/blog\/"},{"@type":"ListItem","position":2,"name":"Dossiers"}]}]}},"_links":{"self":[{"href":"https:\/\/www.latrancheemilitaire.com\/blog\/wp-json\/wp\/v2\/pages\/35"}],"collection":[{"href":"https:\/\/www.latrancheemilitaire.com\/blog\/wp-json\/wp\/v2\/pages"}],"about":[{"href":"https:\/\/www.latrancheemilitaire.com\/blog\/wp-json\/wp\/v2\/types\/page"}],"author":[{"embeddable":true,"href":"https:\/\/www.latrancheemilitaire.com\/blog\/wp-json\/wp\/v2\/users\/1"}],"replies":[{"embeddable":true,"href":"https:\/\/www.latrancheemilitaire.com\/blog\/wp-json\/wp\/v2\/comments?post=35"}],"version-history":[{"count":2,"href":"https:\/\/www.latrancheemilitaire.com\/blog\/wp-json\/wp\/v2\/pages\/35\/revisions"}],"predecessor-version":[{"id":38,"href":"https:\/\/www.latrancheemilitaire.com\/blog\/wp-json\/wp\/v2\/pages\/35\/revisions\/38"}],"wp:attachment":[{"href":"https:\/\/www.latrancheemilitaire.com\/blog\/wp-json\/wp\/v2\/media?parent=35"}],"curies":[{"name":"wp","href":"https:\/\/api.w.org\/{rel}","templated":true}]}}